{"id":19,"date":"2019-05-31T09:35:13","date_gmt":"2019-05-31T12:35:13","guid":{"rendered":"http:\/\/bellacasaconstrutora.com.br\/novo\/?page_id=19"},"modified":"2023-06-29T11:32:02","modified_gmt":"2023-06-29T14:32:02","slug":"projetos","status":"publish","type":"page","link":"https:\/\/bellacasaconstrutora.com.br\/novo\/index.php\/projetos\/","title":{"rendered":"Projetos"},"content":{"rendered":"\n<p>Na Bella Casa, n\u00e3o apenas constru\u00edmos casas, mas tamb\u00e9m realizamos sonhos. Com mais de 150 casas j\u00e1 constru\u00eddas, temos um portf\u00f3lio repleto de refer\u00eancias e ideias para inspirar voc\u00ea.<\/p>\n\n\n\n<p>Nosso diferencial est\u00e1 na capacidade de criar projetos pr\u00e1ticos e flex\u00edveis, adaptados exatamente \u00e0s suas necessidades. Trabalhamos em estreita colabora\u00e7\u00e3o com voc\u00ea, desde o primeiro contato, para garantir que cada detalhe seja cuidadosamente planejado.<\/p>\n\n\n\n<p>Valorizamos a sua opini\u00e3o e, por isso, estamos prontos para fazer as altera\u00e7\u00f5es necess\u00e1rias at\u00e9 que voc\u00ea aprove completamente o projeto. E n\u00e3o paramos por a\u00ed! Ap\u00f3s a sua aprova\u00e7\u00e3o, transformamos o projeto em uma incr\u00edvel experi\u00eancia visual em 3D, permitindo que voc\u00ea veja sua nova casa ganhando vida antes mesmo de ser constru\u00edda.<\/p>\n\n\n\n<p>Venha nos visitar e descubra como podemos transformar seus sonhos em realidade. Nossos projetos personalizados e nossa equipe dedicada est\u00e3o prontos para atender \u00e0s suas expectativas e criar uma casa perfeita para voc\u00ea. N\u00e3o espere mais, entre em contato conosco hoje mesmo!<\/p>\n\n\n\n<div class=\"_df_book df-lite\" id=\"df_595\"  _slug=\"catalogo-virtual\" data-title=\"catalogo-virtual\" wpoptions=\"true\" thumb=\"http:\/\/bellacasaconstrutora.com.br\/novo\/wp-content\/uploads\/2022\/12\/2025-capa-1.png\" thumbtype=\"\" ><\/div><script class=\"df-shortcode-script\" nowprocket type=\"application\/javascript\">window.option_df_595 = {\"outline\":[],\"autoEnableOutline\":\"false\",\"autoEnableThumbnail\":\"false\",\"overwritePDFOutline\":\"false\",\"direction\":\"1\",\"pageSize\":\"0\",\"source\":[\"http:\\\/\\\/bellacasaconstrutora.com.br\\\/novo\\\/wp-content\\\/uploads\\\/2022\\\/12\\\/2025-capa-1.png\",\"http:\\\/\\\/bellacasaconstrutora.com.br\\\/novo\\\/wp-content\\\/uploads\\\/2022\\\/12\\\/2025-sobre-nos-2.png\",\"http:\\\/\\\/bellacasaconstrutora.com.br\\\/novo\\\/wp-content\\\/uploads\\\/2022\\\/12\\\/00-01-2.png\",\"http:\\\/\\\/bellacasaconstrutora.com.br\\\/novo\\\/wp-content\\\/uploads\\\/2022\\\/12\\\/00-06-2.png\",\"http:\\\/\\\/bellacasaconstrutora.com.br\\\/novo\\\/wp-content\\\/uploads\\\/2022\\\/12\\\/00-05-2.png\",\"http:\\\/\\\/bellacasaconstrutora.com.br\\\/novo\\\/wp-content\\\/uploads\\\/2022\\\/12\\\/00-04-2.png\",\"http:\\\/\\\/bellacasaconstrutora.com.br\\\/novo\\\/wp-content\\\/uploads\\\/2022\\\/12\\\/00-03-3.png\",\"http:\\\/\\\/bellacasaconstrutora.com.br\\\/novo\\\/wp-content\\\/uploads\\\/2022\\\/12\\\/00-02-2.png\",\"http:\\\/\\\/bellacasaconstrutora.com.br\\\/novo\\\/wp-content\\\/uploads\\\/2022\\\/12\\\/2025-incluso.png\",\"http:\\\/\\\/bellacasaconstrutora.com.br\\\/novo\\\/wp-content\\\/uploads\\\/2022\\\/12\\\/01-05-2.png\",\"http:\\\/\\\/bellacasaconstrutora.com.br\\\/novo\\\/wp-content\\\/uploads\\\/2022\\\/12\\\/01-04-3.png\",\"http:\\\/\\\/bellacasaconstrutora.com.br\\\/novo\\\/wp-content\\\/uploads\\\/2022\\\/12\\\/01-03-2.png\",\"http:\\\/\\\/bellacasaconstrutora.com.br\\\/novo\\\/wp-content\\\/uploads\\\/2022\\\/12\\\/01-02-2.png\",\"http:\\\/\\\/bellacasaconstrutora.com.br\\\/novo\\\/wp-content\\\/uploads\\\/2022\\\/12\\\/01-01-2.png\",\"http:\\\/\\\/bellacasaconstrutora.com.br\\\/novo\\\/wp-content\\\/uploads\\\/2022\\\/12\\\/2025-madeira.png\",\"http:\\\/\\\/bellacasaconstrutora.com.br\\\/novo\\\/wp-content\\\/uploads\\\/2022\\\/12\\\/02-01-2.png\",\"http:\\\/\\\/bellacasaconstrutora.com.br\\\/novo\\\/wp-content\\\/uploads\\\/2022\\\/12\\\/02-02-2.png\",\"http:\\\/\\\/bellacasaconstrutora.com.br\\\/novo\\\/wp-content\\\/uploads\\\/2022\\\/12\\\/02-03-2.png\",\"http:\\\/\\\/bellacasaconstrutora.com.br\\\/novo\\\/wp-content\\\/uploads\\\/2022\\\/12\\\/02-04-3.png\",\"http:\\\/\\\/bellacasaconstrutora.com.br\\\/novo\\\/wp-content\\\/uploads\\\/2022\\\/12\\\/02-05-2.png\",\"http:\\\/\\\/bellacasaconstrutora.com.br\\\/novo\\\/wp-content\\\/uploads\\\/2022\\\/12\\\/02-06-3.png\",\"http:\\\/\\\/bellacasaconstrutora.com.br\\\/novo\\\/wp-content\\\/uploads\\\/2022\\\/12\\\/2025-alvenaria.png\",\"http:\\\/\\\/bellacasaconstrutora.com.br\\\/novo\\\/wp-content\\\/uploads\\\/2022\\\/12\\\/02-07-2.png\",\"http:\\\/\\\/bellacasaconstrutora.com.br\\\/novo\\\/wp-content\\\/uploads\\\/2022\\\/12\\\/02-08-3.png\",\"http:\\\/\\\/bellacasaconstrutora.com.br\\\/novo\\\/wp-content\\\/uploads\\\/2022\\\/12\\\/02-09-2.png\",\"http:\\\/\\\/bellacasaconstrutora.com.br\\\/novo\\\/wp-content\\\/uploads\\\/2022\\\/12\\\/02-10-3.png\",\"http:\\\/\\\/bellacasaconstrutora.com.br\\\/novo\\\/wp-content\\\/uploads\\\/2022\\\/12\\\/02-11-2.png\",\"http:\\\/\\\/bellacasaconstrutora.com.br\\\/novo\\\/wp-content\\\/uploads\\\/2022\\\/12\\\/02-12-2.png\",\"http:\\\/\\\/bellacasaconstrutora.com.br\\\/novo\\\/wp-content\\\/uploads\\\/2022\\\/12\\\/02-13-3.png\",\"http:\\\/\\\/bellacasaconstrutora.com.br\\\/novo\\\/wp-content\\\/uploads\\\/2022\\\/12\\\/02-14-3.png\",\"http:\\\/\\\/bellacasaconstrutora.com.br\\\/novo\\\/wp-content\\\/uploads\\\/2022\\\/12\\\/02-15-2.png\",\"http:\\\/\\\/bellacasaconstrutora.com.br\\\/novo\\\/wp-content\\\/uploads\\\/2022\\\/12\\\/02-16-3.png\",\"http:\\\/\\\/bellacasaconstrutora.com.br\\\/novo\\\/wp-content\\\/uploads\\\/2022\\\/12\\\/02-17-2.png\",\"http:\\\/\\\/bellacasaconstrutora.com.br\\\/novo\\\/wp-content\\\/uploads\\\/2022\\\/12\\\/02-18-2.png\",\"http:\\\/\\\/bellacasaconstrutora.com.br\\\/novo\\\/wp-content\\\/uploads\\\/2022\\\/12\\\/02-19-3.png\",\"http:\\\/\\\/bellacasaconstrutora.com.br\\\/novo\\\/wp-content\\\/uploads\\\/2022\\\/12\\\/02-20.png\",\"http:\\\/\\\/bellacasaconstrutora.com.br\\\/novo\\\/wp-content\\\/uploads\\\/2022\\\/12\\\/02-21-1.png\",\"http:\\\/\\\/bellacasaconstrutora.com.br\\\/novo\\\/wp-content\\\/uploads\\\/2022\\\/12\\\/02-22.png\",\"http:\\\/\\\/bellacasaconstrutora.com.br\\\/novo\\\/wp-content\\\/uploads\\\/2022\\\/12\\\/02-23.png\",\"http:\\\/\\\/bellacasaconstrutora.com.br\\\/novo\\\/wp-content\\\/uploads\\\/2022\\\/12\\\/03-01-2.png\",\"http:\\\/\\\/bellacasaconstrutora.com.br\\\/novo\\\/wp-content\\\/uploads\\\/2022\\\/12\\\/03-02-3.png\",\"http:\\\/\\\/bellacasaconstrutora.com.br\\\/novo\\\/wp-content\\\/uploads\\\/2022\\\/12\\\/03-03-4.png\",\"http:\\\/\\\/bellacasaconstrutora.com.br\\\/novo\\\/wp-content\\\/uploads\\\/2022\\\/12\\\/03-04-3.png\",\"http:\\\/\\\/bellacasaconstrutora.com.br\\\/novo\\\/wp-content\\\/uploads\\\/2022\\\/12\\\/03-05-2.png\",\"http:\\\/\\\/bellacasaconstrutora.com.br\\\/novo\\\/wp-content\\\/uploads\\\/2022\\\/12\\\/03-06-4.png\",\"http:\\\/\\\/bellacasaconstrutora.com.br\\\/novo\\\/wp-content\\\/uploads\\\/2022\\\/12\\\/03-07.png\",\"http:\\\/\\\/bellacasaconstrutora.com.br\\\/novo\\\/wp-content\\\/uploads\\\/2022\\\/12\\\/04-01-2.png\",\"http:\\\/\\\/bellacasaconstrutora.com.br\\\/novo\\\/wp-content\\\/uploads\\\/2022\\\/12\\\/04-02-2.png\",\"http:\\\/\\\/bellacasaconstrutora.com.br\\\/novo\\\/wp-content\\\/uploads\\\/2022\\\/12\\\/04-03-2.png\",\"http:\\\/\\\/bellacasaconstrutora.com.br\\\/novo\\\/wp-content\\\/uploads\\\/2022\\\/12\\\/04-04.png\",\"http:\\\/\\\/bellacasaconstrutora.com.br\\\/novo\\\/wp-content\\\/uploads\\\/2022\\\/12\\\/04-05.png\",\"http:\\\/\\\/bellacasaconstrutora.com.br\\\/novo\\\/wp-content\\\/uploads\\\/2022\\\/12\\\/04-06.png\",\"http:\\\/\\\/bellacasaconstrutora.com.br\\\/novo\\\/wp-content\\\/uploads\\\/2022\\\/12\\\/2025-copntracapa.png\"],\"wpOptions\":\"true\",\"links\":[[],[],[],[],[],[],[],[],[],[],[],[],[],[],[],[],[],[],[],[],[],[],[],[],[],[],[],[],[],[],[],[],[],[],[],[],[],[],[],[],[],[],[],[],[],[],[],[],[],[],[],[],[],[]]}; if(window.DFLIP && window.DFLIP.parseBooks){window.DFLIP.parseBooks();}<\/script>\n","protected":false},"excerpt":{"rendered":"<p>Na Bella Casa, n\u00e3o apenas constru\u00edmos casas, mas tamb\u00e9m realizamos sonhos. Com mais de 150 casas j\u00e1 constru\u00eddas, temos um portf\u00f3lio repleto de refer\u00eancias e ideias para inspirar voc\u00ea. Nosso diferencial est\u00e1 na capacidade de criar projetos pr\u00e1ticos e flex\u00edveis, adaptados exatamente \u00e0s suas necessidades. Trabalhamos em estreita colabora\u00e7\u00e3o com voc\u00ea, desde o primeiro contato, [&hellip;]<\/p>\n","protected":false},"author":1,"featured_media":0,"parent":0,"menu_order":0,"comment_status":"closed","ping_status":"closed","template":"","meta":{"footnotes":""},"class_list":["post-19","page","type-page","status-publish","hentry"],"yoast_head":"<!-- This site is optimized with the Yoast SEO plugin v27.5 - https:\/\/yoast.com\/product\/yoast-seo-wordpress\/ -->\n<title>Projetos - Bella Casa Construtora<\/title>\n<meta name=\"robots\" content=\"index, follow, max-snippet:-1, max-image-preview:large, max-video-preview:-1\" \/>\n<link rel=\"canonical\" href=\"https:\/\/bellacasaconstrutora.com.br\/novo\/index.php\/projetos\/\" \/>\n<meta property=\"og:locale\" content=\"pt_BR\" \/>\n<meta property=\"og:type\" content=\"article\" \/>\n<meta property=\"og:title\" content=\"Projetos - Bella Casa Construtora\" \/>\n<meta property=\"og:description\" content=\"Na Bella Casa, n\u00e3o apenas constru\u00edmos casas, mas tamb\u00e9m realizamos sonhos. Com mais de 150 casas j\u00e1 constru\u00eddas, temos um portf\u00f3lio repleto de refer\u00eancias e ideias para inspirar voc\u00ea. Nosso diferencial est\u00e1 na capacidade de criar projetos pr\u00e1ticos e flex\u00edveis, adaptados exatamente \u00e0s suas necessidades. Trabalhamos em estreita colabora\u00e7\u00e3o com voc\u00ea, desde o primeiro contato, [&hellip;]\" \/>\n<meta property=\"og:url\" content=\"https:\/\/bellacasaconstrutora.com.br\/novo\/index.php\/projetos\/\" \/>\n<meta property=\"og:site_name\" content=\"Bella Casa Construtora\" \/>\n<meta property=\"article:publisher\" content=\"https:\/\/www.facebook.com\/construtorabellacasa\" \/>\n<meta property=\"article:modified_time\" content=\"2023-06-29T14:32:02+00:00\" \/>\n<meta name=\"twitter:card\" content=\"summary_large_image\" \/>\n<meta name=\"twitter:label1\" content=\"Est. tempo de leitura\" \/>\n\t<meta name=\"twitter:data1\" content=\"1 minuto\" \/>\n<script type=\"application\/ld+json\" class=\"yoast-schema-graph\">{\"@context\":\"https:\\\/\\\/schema.org\",\"@graph\":[{\"@type\":\"WebPage\",\"@id\":\"https:\\\/\\\/bellacasaconstrutora.com.br\\\/novo\\\/index.php\\\/projetos\\\/\",\"url\":\"https:\\\/\\\/bellacasaconstrutora.com.br\\\/novo\\\/index.php\\\/projetos\\\/\",\"name\":\"Projetos - Bella Casa Construtora\",\"isPartOf\":{\"@id\":\"https:\\\/\\\/bellacasaconstrutora.com.br\\\/novo\\\/#website\"},\"datePublished\":\"2019-05-31T12:35:13+00:00\",\"dateModified\":\"2023-06-29T14:32:02+00:00\",\"breadcrumb\":{\"@id\":\"https:\\\/\\\/bellacasaconstrutora.com.br\\\/novo\\\/index.php\\\/projetos\\\/#breadcrumb\"},\"inLanguage\":\"pt-BR\",\"potentialAction\":[{\"@type\":\"ReadAction\",\"target\":[\"https:\\\/\\\/bellacasaconstrutora.com.br\\\/novo\\\/index.php\\\/projetos\\\/\"]}]},{\"@type\":\"BreadcrumbList\",\"@id\":\"https:\\\/\\\/bellacasaconstrutora.com.br\\\/novo\\\/index.php\\\/projetos\\\/#breadcrumb\",\"itemListElement\":[{\"@type\":\"ListItem\",\"position\":1,\"name\":\"In\u00edcio\",\"item\":\"https:\\\/\\\/bellacasaconstrutora.com.br\\\/novo\\\/\"},{\"@type\":\"ListItem\",\"position\":2,\"name\":\"Projetos\"}]},{\"@type\":\"WebSite\",\"@id\":\"https:\\\/\\\/bellacasaconstrutora.com.br\\\/novo\\\/#website\",\"url\":\"https:\\\/\\\/bellacasaconstrutora.com.br\\\/novo\\\/\",\"name\":\"Bella Casa Construtora\",\"description\":\"\",\"publisher\":{\"@id\":\"https:\\\/\\\/bellacasaconstrutora.com.br\\\/novo\\\/#organization\"},\"potentialAction\":[{\"@type\":\"SearchAction\",\"target\":{\"@type\":\"EntryPoint\",\"urlTemplate\":\"https:\\\/\\\/bellacasaconstrutora.com.br\\\/novo\\\/?s={search_term_string}\"},\"query-input\":{\"@type\":\"PropertyValueSpecification\",\"valueRequired\":true,\"valueName\":\"search_term_string\"}}],\"inLanguage\":\"pt-BR\"},{\"@type\":\"Organization\",\"@id\":\"https:\\\/\\\/bellacasaconstrutora.com.br\\\/novo\\\/#organization\",\"name\":\"Bella Casa Construtora\",\"url\":\"https:\\\/\\\/bellacasaconstrutora.com.br\\\/novo\\\/\",\"logo\":{\"@type\":\"ImageObject\",\"inLanguage\":\"pt-BR\",\"@id\":\"https:\\\/\\\/bellacasaconstrutora.com.br\\\/novo\\\/#\\\/schema\\\/logo\\\/image\\\/\",\"url\":\"https:\\\/\\\/bellacasaconstrutora.com.br\\\/novo\\\/wp-content\\\/uploads\\\/2019\\\/05\\\/cropped-logo-header.png\",\"contentUrl\":\"https:\\\/\\\/bellacasaconstrutora.com.br\\\/novo\\\/wp-content\\\/uploads\\\/2019\\\/05\\\/cropped-logo-header.png\",\"width\":190,\"height\":126,\"caption\":\"Bella Casa Construtora\"},\"image\":{\"@id\":\"https:\\\/\\\/bellacasaconstrutora.com.br\\\/novo\\\/#\\\/schema\\\/logo\\\/image\\\/\"},\"sameAs\":[\"https:\\\/\\\/www.facebook.com\\\/construtorabellacasa\",\"https:\\\/\\\/www.instagram.com\\\/bellacasaconstrutora\\\/\"]}]}<\/script>\n<!-- \/ Yoast SEO plugin. -->","yoast_head_json":{"title":"Projetos - Bella Casa Construtora","robots":{"index":"index","follow":"follow","max-snippet":"max-snippet:-1","max-image-preview":"max-image-preview:large","max-video-preview":"max-video-preview:-1"},"canonical":"https:\/\/bellacasaconstrutora.com.br\/novo\/index.php\/projetos\/","og_locale":"pt_BR","og_type":"article","og_title":"Projetos - Bella Casa Construtora","og_description":"Na Bella Casa, n\u00e3o apenas constru\u00edmos casas, mas tamb\u00e9m realizamos sonhos. Com mais de 150 casas j\u00e1 constru\u00eddas, temos um portf\u00f3lio repleto de refer\u00eancias e ideias para inspirar voc\u00ea. Nosso diferencial est\u00e1 na capacidade de criar projetos pr\u00e1ticos e flex\u00edveis, adaptados exatamente \u00e0s suas necessidades. Trabalhamos em estreita colabora\u00e7\u00e3o com voc\u00ea, desde o primeiro contato, [&hellip;]","og_url":"https:\/\/bellacasaconstrutora.com.br\/novo\/index.php\/projetos\/","og_site_name":"Bella Casa Construtora","article_publisher":"https:\/\/www.facebook.com\/construtorabellacasa","article_modified_time":"2023-06-29T14:32:02+00:00","twitter_card":"summary_large_image","twitter_misc":{"Est. tempo de leitura":"1 minuto"},"schema":{"@context":"https:\/\/schema.org","@graph":[{"@type":"WebPage","@id":"https:\/\/bellacasaconstrutora.com.br\/novo\/index.php\/projetos\/","url":"https:\/\/bellacasaconstrutora.com.br\/novo\/index.php\/projetos\/","name":"Projetos - Bella Casa Construtora","isPartOf":{"@id":"https:\/\/bellacasaconstrutora.com.br\/novo\/#website"},"datePublished":"2019-05-31T12:35:13+00:00","dateModified":"2023-06-29T14:32:02+00:00","breadcrumb":{"@id":"https:\/\/bellacasaconstrutora.com.br\/novo\/index.php\/projetos\/#breadcrumb"},"inLanguage":"pt-BR","potentialAction":[{"@type":"ReadAction","target":["https:\/\/bellacasaconstrutora.com.br\/novo\/index.php\/projetos\/"]}]},{"@type":"BreadcrumbList","@id":"https:\/\/bellacasaconstrutora.com.br\/novo\/index.php\/projetos\/#breadcrumb","itemListElement":[{"@type":"ListItem","position":1,"name":"In\u00edcio","item":"https:\/\/bellacasaconstrutora.com.br\/novo\/"},{"@type":"ListItem","position":2,"name":"Projetos"}]},{"@type":"WebSite","@id":"https:\/\/bellacasaconstrutora.com.br\/novo\/#website","url":"https:\/\/bellacasaconstrutora.com.br\/novo\/","name":"Bella Casa Construtora","description":"","publisher":{"@id":"https:\/\/bellacasaconstrutora.com.br\/novo\/#organization"},"potentialAction":[{"@type":"SearchAction","target":{"@type":"EntryPoint","urlTemplate":"https:\/\/bellacasaconstrutora.com.br\/novo\/?s={search_term_string}"},"query-input":{"@type":"PropertyValueSpecification","valueRequired":true,"valueName":"search_term_string"}}],"inLanguage":"pt-BR"},{"@type":"Organization","@id":"https:\/\/bellacasaconstrutora.com.br\/novo\/#organization","name":"Bella Casa Construtora","url":"https:\/\/bellacasaconstrutora.com.br\/novo\/","logo":{"@type":"ImageObject","inLanguage":"pt-BR","@id":"https:\/\/bellacasaconstrutora.com.br\/novo\/#\/schema\/logo\/image\/","url":"https:\/\/bellacasaconstrutora.com.br\/novo\/wp-content\/uploads\/2019\/05\/cropped-logo-header.png","contentUrl":"https:\/\/bellacasaconstrutora.com.br\/novo\/wp-content\/uploads\/2019\/05\/cropped-logo-header.png","width":190,"height":126,"caption":"Bella Casa Construtora"},"image":{"@id":"https:\/\/bellacasaconstrutora.com.br\/novo\/#\/schema\/logo\/image\/"},"sameAs":["https:\/\/www.facebook.com\/construtorabellacasa","https:\/\/www.instagram.com\/bellacasaconstrutora\/"]}]}},"_links":{"self":[{"href":"https:\/\/bellacasaconstrutora.com.br\/novo\/index.php\/wp-json\/wp\/v2\/pages\/19","targetHints":{"allow":["GET"]}}],"collection":[{"href":"https:\/\/bellacasaconstrutora.com.br\/novo\/index.php\/wp-json\/wp\/v2\/pages"}],"about":[{"href":"https:\/\/bellacasaconstrutora.com.br\/novo\/index.php\/wp-json\/wp\/v2\/types\/page"}],"author":[{"embeddable":true,"href":"https:\/\/bellacasaconstrutora.com.br\/novo\/index.php\/wp-json\/wp\/v2\/users\/1"}],"replies":[{"embeddable":true,"href":"https:\/\/bellacasaconstrutora.com.br\/novo\/index.php\/wp-json\/wp\/v2\/comments?post=19"}],"version-history":[{"count":17,"href":"https:\/\/bellacasaconstrutora.com.br\/novo\/index.php\/wp-json\/wp\/v2\/pages\/19\/revisions"}],"predecessor-version":[{"id":863,"href":"https:\/\/bellacasaconstrutora.com.br\/novo\/index.php\/wp-json\/wp\/v2\/pages\/19\/revisions\/863"}],"wp:attachment":[{"href":"https:\/\/bellacasaconstrutora.com.br\/novo\/index.php\/wp-json\/wp\/v2\/media?parent=19"}],"curies":[{"name":"wp","href":"https:\/\/api.w.org\/{rel}","templated":true}]}}