{"id":21,"date":"2019-05-31T09:35:42","date_gmt":"2019-05-31T12:35:42","guid":{"rendered":"http:\/\/bellacasaconstrutora.com.br\/novo\/?page_id=21"},"modified":"2024-01-24T10:50:12","modified_gmt":"2024-01-24T13:50:12","slug":"casas-madeira","status":"publish","type":"page","link":"https:\/\/bellacasaconstrutora.com.br\/novo\/index.php\/casas-madeira\/","title":{"rendered":"Casas em Madeira"},"content":{"rendered":"\n<p><strong>Invista em uma casa de madeira feita sob medida para atender \u00e0s suas necessidades<\/strong><\/p>\n\n\n\n<p> &nbsp;&nbsp;&nbsp;&nbsp;&nbsp;&nbsp;&nbsp;&nbsp;&nbsp;&nbsp;A Bella Casa Construtora inova e domina todas as etapas de constru\u00e7\u00e3o das casas, sendo que a obra pode ser iniciada na mesma semana da assinatura do contrato.<\/p>\n\n\n\n<p align=\"justify\"> &nbsp;&nbsp;&nbsp;&nbsp;&nbsp;&nbsp;&nbsp;&nbsp;&nbsp;&nbsp; Atemporais, charmosas e econ\u00f4micas, as casas de madeira s\u00e3o uma boa escolha para quem deseja fugir da forma tradicional das casas de alvenaria e, assim, economizar tempo e dinheiro.\n<\/p>\n\n\n\n<p> &nbsp;&nbsp;&nbsp;&nbsp;&nbsp;&nbsp;&nbsp;&nbsp;&nbsp;&nbsp;Com uma pegada r\u00fastica, elas garantem qualidade a um excelente custo-benef\u00edcio, chegando a custar 40% do que as casas convencionais.<\/p>\n\n\n\n<p align=\"justify\"> &nbsp;&nbsp;&nbsp;&nbsp;&nbsp;&nbsp;&nbsp;&nbsp;&nbsp;&nbsp; Nossas casas de madeira s\u00e3o constru\u00eddas com Pinus, tratado no sistema Autoclave. O frontal em madeira de Pinus Autoclavado tipo macho e f\u00eamea, \u00e9 colocado no sentido horizontal, tendo em m\u00e9dia 2cm de espessura, 11cm de largura e 3 metros de comprimento m\u00e1ximo. Ultrapassando este comprimento, inevitavelmente ser\u00e1 necess\u00e1ria emenda na parede. A dist\u00e2ncia dos caibros de sustenta\u00e7\u00e3o \u00e9 entre 50cm e 70cm. <\/p>\n\n\n\n<p class=\"has-text-align-justify\"> &nbsp;&nbsp;&nbsp;&nbsp;&nbsp;&nbsp;&nbsp;&nbsp;&nbsp;&nbsp; Todas as nossas casas v\u00eam com: piso cer\u00e2mico para toda a extens\u00e3o interna da casa, varadas e garagens, banheiro azulejado at\u00e9 o teto nas quatro paredes, com pia tipo balc\u00e3o com espelho e vaso sanit\u00e1rio com caixa acoplada. <\/p>\n\n\n\n<p class=\"has-text-align-justify\"> &nbsp;&nbsp;&nbsp;&nbsp;&nbsp;&nbsp;&nbsp;&nbsp;&nbsp;&nbsp; A casa \u00e9 entregue com vidros instalados, el\u00e9trica e hidr\u00e1ulica internas (com espera para liga\u00e7\u00e3o com a rede p\u00fablica), caixa de \u00e1gua, fossa, sumidouro, forro de PVC ou madeira.<\/p>\n\n\n\n<p class=\"has-text-align-center\"><strong> Uma casa completa, pronta pra morar<\/strong>!<\/p>\n","protected":false},"excerpt":{"rendered":"<p>Invista em uma casa de madeira feita sob medida para atender \u00e0s suas necessidades &nbsp;&nbsp;&nbsp;&nbsp;&nbsp;&nbsp;&nbsp;&nbsp;&nbsp;&nbsp;A Bella Casa Construtora inova e domina todas as etapas de constru\u00e7\u00e3o das casas, sendo que a obra pode ser iniciada na mesma semana da assinatura do contrato. &nbsp;&nbsp;&nbsp;&nbsp;&nbsp;&nbsp;&nbsp;&nbsp;&nbsp;&nbsp; Atemporais, charmosas e econ\u00f4micas, as casas de madeira s\u00e3o uma boa escolha [&hellip;]<\/p>\n","protected":false},"author":1,"featured_media":0,"parent":0,"menu_order":0,"comment_status":"closed","ping_status":"closed","template":"","meta":{"footnotes":""},"class_list":["post-21","page","type-page","status-publish","hentry"],"yoast_head":"<!-- This site is optimized with the Yoast SEO plugin v27.5 - https:\/\/yoast.com\/product\/yoast-seo-wordpress\/ -->\n<title>Casas em Madeira - Bella Casa Construtora<\/title>\n<meta name=\"robots\" content=\"index, follow, max-snippet:-1, max-image-preview:large, max-video-preview:-1\" \/>\n<link rel=\"canonical\" href=\"https:\/\/bellacasaconstrutora.com.br\/novo\/index.php\/casas-madeira\/\" \/>\n<meta property=\"og:locale\" content=\"pt_BR\" \/>\n<meta property=\"og:type\" content=\"article\" \/>\n<meta property=\"og:title\" content=\"Casas em Madeira - Bella Casa Construtora\" \/>\n<meta property=\"og:description\" content=\"Invista em uma casa de madeira feita sob medida para atender \u00e0s suas necessidades &nbsp;&nbsp;&nbsp;&nbsp;&nbsp;&nbsp;&nbsp;&nbsp;&nbsp;&nbsp;A Bella Casa Construtora inova e domina todas as etapas de constru\u00e7\u00e3o das casas, sendo que a obra pode ser iniciada na mesma semana da assinatura do contrato. &nbsp;&nbsp;&nbsp;&nbsp;&nbsp;&nbsp;&nbsp;&nbsp;&nbsp;&nbsp; Atemporais, charmosas e econ\u00f4micas, as casas de madeira s\u00e3o uma boa escolha [&hellip;]\" \/>\n<meta property=\"og:url\" content=\"https:\/\/bellacasaconstrutora.com.br\/novo\/index.php\/casas-madeira\/\" \/>\n<meta property=\"og:site_name\" content=\"Bella Casa Construtora\" \/>\n<meta property=\"article:publisher\" content=\"https:\/\/www.facebook.com\/construtorabellacasa\" \/>\n<meta property=\"article:modified_time\" content=\"2024-01-24T13:50:12+00:00\" \/>\n<meta name=\"twitter:card\" content=\"summary_large_image\" \/>\n<meta name=\"twitter:label1\" content=\"Est. tempo de leitura\" \/>\n\t<meta name=\"twitter:data1\" content=\"2 minutos\" \/>\n<script type=\"application\/ld+json\" class=\"yoast-schema-graph\">{\"@context\":\"https:\\\/\\\/schema.org\",\"@graph\":[{\"@type\":\"WebPage\",\"@id\":\"https:\\\/\\\/bellacasaconstrutora.com.br\\\/novo\\\/index.php\\\/casas-madeira\\\/\",\"url\":\"https:\\\/\\\/bellacasaconstrutora.com.br\\\/novo\\\/index.php\\\/casas-madeira\\\/\",\"name\":\"Casas em Madeira - Bella Casa Construtora\",\"isPartOf\":{\"@id\":\"https:\\\/\\\/bellacasaconstrutora.com.br\\\/novo\\\/#website\"},\"datePublished\":\"2019-05-31T12:35:42+00:00\",\"dateModified\":\"2024-01-24T13:50:12+00:00\",\"breadcrumb\":{\"@id\":\"https:\\\/\\\/bellacasaconstrutora.com.br\\\/novo\\\/index.php\\\/casas-madeira\\\/#breadcrumb\"},\"inLanguage\":\"pt-BR\",\"potentialAction\":[{\"@type\":\"ReadAction\",\"target\":[\"https:\\\/\\\/bellacasaconstrutora.com.br\\\/novo\\\/index.php\\\/casas-madeira\\\/\"]}]},{\"@type\":\"BreadcrumbList\",\"@id\":\"https:\\\/\\\/bellacasaconstrutora.com.br\\\/novo\\\/index.php\\\/casas-madeira\\\/#breadcrumb\",\"itemListElement\":[{\"@type\":\"ListItem\",\"position\":1,\"name\":\"In\u00edcio\",\"item\":\"https:\\\/\\\/bellacasaconstrutora.com.br\\\/novo\\\/\"},{\"@type\":\"ListItem\",\"position\":2,\"name\":\"Casas em Madeira\"}]},{\"@type\":\"WebSite\",\"@id\":\"https:\\\/\\\/bellacasaconstrutora.com.br\\\/novo\\\/#website\",\"url\":\"https:\\\/\\\/bellacasaconstrutora.com.br\\\/novo\\\/\",\"name\":\"Bella Casa Construtora\",\"description\":\"\",\"publisher\":{\"@id\":\"https:\\\/\\\/bellacasaconstrutora.com.br\\\/novo\\\/#organization\"},\"potentialAction\":[{\"@type\":\"SearchAction\",\"target\":{\"@type\":\"EntryPoint\",\"urlTemplate\":\"https:\\\/\\\/bellacasaconstrutora.com.br\\\/novo\\\/?s={search_term_string}\"},\"query-input\":{\"@type\":\"PropertyValueSpecification\",\"valueRequired\":true,\"valueName\":\"search_term_string\"}}],\"inLanguage\":\"pt-BR\"},{\"@type\":\"Organization\",\"@id\":\"https:\\\/\\\/bellacasaconstrutora.com.br\\\/novo\\\/#organization\",\"name\":\"Bella Casa Construtora\",\"url\":\"https:\\\/\\\/bellacasaconstrutora.com.br\\\/novo\\\/\",\"logo\":{\"@type\":\"ImageObject\",\"inLanguage\":\"pt-BR\",\"@id\":\"https:\\\/\\\/bellacasaconstrutora.com.br\\\/novo\\\/#\\\/schema\\\/logo\\\/image\\\/\",\"url\":\"https:\\\/\\\/bellacasaconstrutora.com.br\\\/novo\\\/wp-content\\\/uploads\\\/2019\\\/05\\\/cropped-logo-header.png\",\"contentUrl\":\"https:\\\/\\\/bellacasaconstrutora.com.br\\\/novo\\\/wp-content\\\/uploads\\\/2019\\\/05\\\/cropped-logo-header.png\",\"width\":190,\"height\":126,\"caption\":\"Bella Casa Construtora\"},\"image\":{\"@id\":\"https:\\\/\\\/bellacasaconstrutora.com.br\\\/novo\\\/#\\\/schema\\\/logo\\\/image\\\/\"},\"sameAs\":[\"https:\\\/\\\/www.facebook.com\\\/construtorabellacasa\",\"https:\\\/\\\/www.instagram.com\\\/bellacasaconstrutora\\\/\"]}]}<\/script>\n<!-- \/ Yoast SEO plugin. -->","yoast_head_json":{"title":"Casas em Madeira - Bella Casa Construtora","robots":{"index":"index","follow":"follow","max-snippet":"max-snippet:-1","max-image-preview":"max-image-preview:large","max-video-preview":"max-video-preview:-1"},"canonical":"https:\/\/bellacasaconstrutora.com.br\/novo\/index.php\/casas-madeira\/","og_locale":"pt_BR","og_type":"article","og_title":"Casas em Madeira - Bella Casa Construtora","og_description":"Invista em uma casa de madeira feita sob medida para atender \u00e0s suas necessidades &nbsp;&nbsp;&nbsp;&nbsp;&nbsp;&nbsp;&nbsp;&nbsp;&nbsp;&nbsp;A Bella Casa Construtora inova e domina todas as etapas de constru\u00e7\u00e3o das casas, sendo que a obra pode ser iniciada na mesma semana da assinatura do contrato. &nbsp;&nbsp;&nbsp;&nbsp;&nbsp;&nbsp;&nbsp;&nbsp;&nbsp;&nbsp; Atemporais, charmosas e econ\u00f4micas, as casas de madeira s\u00e3o uma boa escolha [&hellip;]","og_url":"https:\/\/bellacasaconstrutora.com.br\/novo\/index.php\/casas-madeira\/","og_site_name":"Bella Casa Construtora","article_publisher":"https:\/\/www.facebook.com\/construtorabellacasa","article_modified_time":"2024-01-24T13:50:12+00:00","twitter_card":"summary_large_image","twitter_misc":{"Est. tempo de leitura":"2 minutos"},"schema":{"@context":"https:\/\/schema.org","@graph":[{"@type":"WebPage","@id":"https:\/\/bellacasaconstrutora.com.br\/novo\/index.php\/casas-madeira\/","url":"https:\/\/bellacasaconstrutora.com.br\/novo\/index.php\/casas-madeira\/","name":"Casas em Madeira - Bella Casa Construtora","isPartOf":{"@id":"https:\/\/bellacasaconstrutora.com.br\/novo\/#website"},"datePublished":"2019-05-31T12:35:42+00:00","dateModified":"2024-01-24T13:50:12+00:00","breadcrumb":{"@id":"https:\/\/bellacasaconstrutora.com.br\/novo\/index.php\/casas-madeira\/#breadcrumb"},"inLanguage":"pt-BR","potentialAction":[{"@type":"ReadAction","target":["https:\/\/bellacasaconstrutora.com.br\/novo\/index.php\/casas-madeira\/"]}]},{"@type":"BreadcrumbList","@id":"https:\/\/bellacasaconstrutora.com.br\/novo\/index.php\/casas-madeira\/#breadcrumb","itemListElement":[{"@type":"ListItem","position":1,"name":"In\u00edcio","item":"https:\/\/bellacasaconstrutora.com.br\/novo\/"},{"@type":"ListItem","position":2,"name":"Casas em Madeira"}]},{"@type":"WebSite","@id":"https:\/\/bellacasaconstrutora.com.br\/novo\/#website","url":"https:\/\/bellacasaconstrutora.com.br\/novo\/","name":"Bella Casa Construtora","description":"","publisher":{"@id":"https:\/\/bellacasaconstrutora.com.br\/novo\/#organization"},"potentialAction":[{"@type":"SearchAction","target":{"@type":"EntryPoint","urlTemplate":"https:\/\/bellacasaconstrutora.com.br\/novo\/?s={search_term_string}"},"query-input":{"@type":"PropertyValueSpecification","valueRequired":true,"valueName":"search_term_string"}}],"inLanguage":"pt-BR"},{"@type":"Organization","@id":"https:\/\/bellacasaconstrutora.com.br\/novo\/#organization","name":"Bella Casa Construtora","url":"https:\/\/bellacasaconstrutora.com.br\/novo\/","logo":{"@type":"ImageObject","inLanguage":"pt-BR","@id":"https:\/\/bellacasaconstrutora.com.br\/novo\/#\/schema\/logo\/image\/","url":"https:\/\/bellacasaconstrutora.com.br\/novo\/wp-content\/uploads\/2019\/05\/cropped-logo-header.png","contentUrl":"https:\/\/bellacasaconstrutora.com.br\/novo\/wp-content\/uploads\/2019\/05\/cropped-logo-header.png","width":190,"height":126,"caption":"Bella Casa Construtora"},"image":{"@id":"https:\/\/bellacasaconstrutora.com.br\/novo\/#\/schema\/logo\/image\/"},"sameAs":["https:\/\/www.facebook.com\/construtorabellacasa","https:\/\/www.instagram.com\/bellacasaconstrutora\/"]}]}},"_links":{"self":[{"href":"https:\/\/bellacasaconstrutora.com.br\/novo\/index.php\/wp-json\/wp\/v2\/pages\/21","targetHints":{"allow":["GET"]}}],"collection":[{"href":"https:\/\/bellacasaconstrutora.com.br\/novo\/index.php\/wp-json\/wp\/v2\/pages"}],"about":[{"href":"https:\/\/bellacasaconstrutora.com.br\/novo\/index.php\/wp-json\/wp\/v2\/types\/page"}],"author":[{"embeddable":true,"href":"https:\/\/bellacasaconstrutora.com.br\/novo\/index.php\/wp-json\/wp\/v2\/users\/1"}],"replies":[{"embeddable":true,"href":"https:\/\/bellacasaconstrutora.com.br\/novo\/index.php\/wp-json\/wp\/v2\/comments?post=21"}],"version-history":[{"count":22,"href":"https:\/\/bellacasaconstrutora.com.br\/novo\/index.php\/wp-json\/wp\/v2\/pages\/21\/revisions"}],"predecessor-version":[{"id":1307,"href":"https:\/\/bellacasaconstrutora.com.br\/novo\/index.php\/wp-json\/wp\/v2\/pages\/21\/revisions\/1307"}],"wp:attachment":[{"href":"https:\/\/bellacasaconstrutora.com.br\/novo\/index.php\/wp-json\/wp\/v2\/media?parent=21"}],"curies":[{"name":"wp","href":"https:\/\/api.w.org\/{rel}","templated":true}]}}