{"id":30,"date":"2019-05-31T09:39:58","date_gmt":"2019-05-31T12:39:58","guid":{"rendered":"http:\/\/bellacasaconstrutora.com.br\/novo\/?page_id=30"},"modified":"2024-09-07T09:50:53","modified_gmt":"2024-09-07T12:50:53","slug":"contato","status":"publish","type":"page","link":"https:\/\/bellacasaconstrutora.com.br\/novo\/index.php\/contato\/","title":{"rendered":"Contato"},"content":{"rendered":"\n<p>Agilize seu contato conosco!<\/p>\n\n\n\n<p>Aproveite a praticidade do WhatsApp para tirar suas d\u00favidas, obter informa\u00e7\u00f5es adicionais ou agendar um atendimento personalizado.<\/p>\n\n\n\n<p><\/p>\n\n\n\n<p>.<\/p>\n\n\n<div class=\"nta_wa_button\" data-id=\"830\" data-info=\"{&quot;name&quot;:&quot;&quot;,&quot;info&quot;:{&quot;number&quot;:&quot;+5548999243624&quot;,&quot;title&quot;:&quot;Contato Whatsapp&quot;,&quot;predefinedText&quot;:&quot;Ol\\u00e1, &quot;,&quot;willBeBackText&quot;:&quot;I will be back in [njwa_time_work]&quot;,&quot;dayOffsText&quot;:&quot;I will be back soon&quot;,&quot;isAlwaysAvailable&quot;:&quot;ON&quot;,&quot;daysOfWeekWorking&quot;:{&quot;sunday&quot;:{&quot;isWorkingOnDay&quot;:&quot;OFF&quot;,&quot;workHours&quot;:[{&quot;startTime&quot;:&quot;08:00&quot;,&quot;endTime&quot;:&quot;17:30&quot;}]},&quot;monday&quot;:{&quot;isWorkingOnDay&quot;:&quot;OFF&quot;,&quot;workHours&quot;:[{&quot;startTime&quot;:&quot;08:00&quot;,&quot;endTime&quot;:&quot;17:30&quot;}]},&quot;tuesday&quot;:{&quot;isWorkingOnDay&quot;:&quot;OFF&quot;,&quot;workHours&quot;:[{&quot;startTime&quot;:&quot;08:00&quot;,&quot;endTime&quot;:&quot;17:30&quot;}]},&quot;wednesday&quot;:{&quot;isWorkingOnDay&quot;:&quot;OFF&quot;,&quot;workHours&quot;:[{&quot;startTime&quot;:&quot;08:00&quot;,&quot;endTime&quot;:&quot;17:30&quot;}]},&quot;thursday&quot;:{&quot;isWorkingOnDay&quot;:&quot;OFF&quot;,&quot;workHours&quot;:[{&quot;startTime&quot;:&quot;08:00&quot;,&quot;endTime&quot;:&quot;17:30&quot;}]},&quot;friday&quot;:{&quot;isWorkingOnDay&quot;:&quot;OFF&quot;,&quot;workHours&quot;:[{&quot;startTime&quot;:&quot;08:00&quot;,&quot;endTime&quot;:&quot;17:30&quot;}]},&quot;saturday&quot;:{&quot;isWorkingOnDay&quot;:&quot;OFF&quot;,&quot;workHours&quot;:[{&quot;startTime&quot;:&quot;08:00&quot;,&quot;endTime&quot;:&quot;17:30&quot;}]}}},&quot;styles&quot;:{&quot;type&quot;:&quot;round&quot;,&quot;backgroundColor&quot;:&quot;#01bc49&quot;,&quot;textColor&quot;:&quot;#fff&quot;,&quot;label&quot;:&quot;Como podemos lhe ajudar?&quot;,&quot;width&quot;:300,&quot;height&quot;:64},&quot;avatar&quot;:false,&quot;options&quot;:{&quot;display&quot;:{&quot;displayCondition&quot;:&quot;showAllPage&quot;,&quot;includePages&quot;:[],&quot;excludePages&quot;:[],&quot;includePosts&quot;:[],&quot;showOnDesktop&quot;:&quot;ON&quot;,&quot;showOnMobile&quot;:&quot;ON&quot;,&quot;time_symbols&quot;:&quot;h:m&quot;},&quot;styles&quot;:{&quot;title&quot;:&quot;Start a Conversation&quot;,&quot;responseText&quot;:&quot;The team typically replies in a few minutes.&quot;,&quot;description&quot;:&quot;Hi! Click one of our member below to chat on &lt;strong&gt;WhatsApp&lt;\\\/strong&gt;&quot;,&quot;backgroundColor&quot;:&quot;#2db742&quot;,&quot;textColor&quot;:&quot;#fff&quot;,&quot;titleSize&quot;:18,&quot;accountNameSize&quot;:14,&quot;descriptionTextSize&quot;:12,&quot;regularTextSize&quot;:11,&quot;scrollHeight&quot;:500,&quot;isShowScroll&quot;:&quot;OFF&quot;,&quot;isShowResponseText&quot;:&quot;ON&quot;,&quot;btnLabel&quot;:&quot;Need Help? &lt;strong&gt;Chat with us&lt;\\\/strong&gt;&quot;,&quot;btnLabelWidth&quot;:156,&quot;btnPosition&quot;:&quot;right&quot;,&quot;btnLeftDistance&quot;:30,&quot;btnRightDistance&quot;:30,&quot;btnBottomDistance&quot;:30,&quot;isShowBtnLabel&quot;:&quot;ON&quot;,&quot;isShowGDPR&quot;:&quot;OFF&quot;,&quot;gdprContent&quot;:&quot;Please accept our &lt;a href=\\&quot;https:\\\/\\\/ninjateam.org\\\/privacy-policy\\\/\\&quot;&gt;privacy policy&lt;\\\/a&gt; first to start a conversation.&quot;},&quot;analytics&quot;:{&quot;enabledGoogle&quot;:&quot;OFF&quot;,&quot;enabledFacebook&quot;:&quot;OFF&quot;,&quot;enabledGoogleGA4&quot;:&quot;OFF&quot;}},&quot;gdprStatus&quot;:false,&quot;defaultAvatar&quot;:&quot;https:\\\/\\\/bellacasaconstrutora.com.br\\\/novo\\\/wp-content\\\/plugins\\\/wp-whatsapp\\\/assets\\\/img\\\/whatsapp_logo.svg&quot;}\"><\/div>\n\n\n\n<p>.<\/p>\n\n\n\n<iframe loading=\"lazy\" src=\"https:\/\/www.google.com\/maps\/embed?pb=!1m18!1m12!1m3!1d622.155235213219!2d-48.67203801016333!3d-28.102574494699997!2m3!1f0!2f0!3f0!3m2!1i1024!2i768!4f13.1!3m3!1m2!1s0x0%3A0xbec03acdf52ceaf5!2sBella+Casa+Construtora!5e0!3m2!1spt-BR!2sbr!4v1559587815061!5m2!1spt-BR!2sbr\" width=\"600\" height=\"600\" frameborder=\"0\" style=\"border:0\" allowfullscreen=\"\"><\/iframe>\n\n\n<div class=\"wp-block-image\">\n<figure class=\"aligncenter size-full is-resized\"><a href=\"https:\/\/maps.app.goo.gl\/hJM5RVZL6aTZcoy27\" target=\"_blank\" rel=\"noreferrer noopener\"><img loading=\"lazy\" decoding=\"async\" width=\"512\" height=\"512\" src=\"http:\/\/bellacasaconstrutora.com.br\/novo\/wp-content\/uploads\/2024\/09\/pngegg.png\" alt=\"\" class=\"wp-image-1096\" style=\"width:281px;height:auto\" srcset=\"https:\/\/bellacasaconstrutora.com.br\/novo\/wp-content\/uploads\/2024\/09\/pngegg.png 512w, https:\/\/bellacasaconstrutora.com.br\/novo\/wp-content\/uploads\/2024\/09\/pngegg-300x300.png 300w, https:\/\/bellacasaconstrutora.com.br\/novo\/wp-content\/uploads\/2024\/09\/pngegg-150x150.png 150w, https:\/\/bellacasaconstrutora.com.br\/novo\/wp-content\/uploads\/2024\/09\/pngegg-144x144.png 144w\" sizes=\"auto, (max-width: 512px) 100vw, 512px\" \/><\/a><figcaption class=\"wp-element-caption\">Acesse aqui o <strong>Google Maps<\/strong> para definir a sua rota.<\/figcaption><\/figure>\n<\/div>\n\n\n<p><\/p>\n\n\n\n<div class=\"wp-block-group\"><div class=\"wp-block-group__inner-container is-layout-constrained wp-block-group-is-layout-constrained\"><\/div><\/div>\n","protected":false},"excerpt":{"rendered":"<p>Agilize seu contato conosco! Aproveite a praticidade do WhatsApp para tirar suas d\u00favidas, obter informa\u00e7\u00f5es adicionais ou agendar um atendimento personalizado. . .<\/p>\n","protected":false},"author":1,"featured_media":0,"parent":0,"menu_order":0,"comment_status":"closed","ping_status":"closed","template":"","meta":{"footnotes":""},"class_list":["post-30","page","type-page","status-publish","hentry"],"yoast_head":"<!-- This site is optimized with the Yoast SEO plugin v27.5 - https:\/\/yoast.com\/product\/yoast-seo-wordpress\/ -->\n<title>Contato - Bella Casa Construtora<\/title>\n<meta name=\"robots\" content=\"index, follow, max-snippet:-1, max-image-preview:large, max-video-preview:-1\" \/>\n<link rel=\"canonical\" href=\"https:\/\/bellacasaconstrutora.com.br\/novo\/index.php\/contato\/\" \/>\n<meta property=\"og:locale\" content=\"pt_BR\" \/>\n<meta property=\"og:type\" content=\"article\" \/>\n<meta property=\"og:title\" content=\"Contato - Bella Casa Construtora\" \/>\n<meta property=\"og:description\" content=\"Agilize seu contato conosco! Aproveite a praticidade do WhatsApp para tirar suas d\u00favidas, obter informa\u00e7\u00f5es adicionais ou agendar um atendimento personalizado. . .\" \/>\n<meta property=\"og:url\" content=\"https:\/\/bellacasaconstrutora.com.br\/novo\/index.php\/contato\/\" \/>\n<meta property=\"og:site_name\" content=\"Bella Casa Construtora\" \/>\n<meta property=\"article:publisher\" content=\"https:\/\/www.facebook.com\/construtorabellacasa\" \/>\n<meta property=\"article:modified_time\" content=\"2024-09-07T12:50:53+00:00\" \/>\n<meta property=\"og:image\" content=\"http:\/\/bellacasaconstrutora.com.br\/novo\/wp-content\/uploads\/2024\/09\/pngegg.png\" \/>\n<meta name=\"twitter:card\" content=\"summary_large_image\" \/>\n<meta name=\"twitter:label1\" content=\"Est. tempo de leitura\" \/>\n\t<meta name=\"twitter:data1\" content=\"1 minuto\" \/>\n<script type=\"application\/ld+json\" class=\"yoast-schema-graph\">{\"@context\":\"https:\\\/\\\/schema.org\",\"@graph\":[{\"@type\":\"WebPage\",\"@id\":\"https:\\\/\\\/bellacasaconstrutora.com.br\\\/novo\\\/index.php\\\/contato\\\/\",\"url\":\"https:\\\/\\\/bellacasaconstrutora.com.br\\\/novo\\\/index.php\\\/contato\\\/\",\"name\":\"Contato - Bella Casa Construtora\",\"isPartOf\":{\"@id\":\"https:\\\/\\\/bellacasaconstrutora.com.br\\\/novo\\\/#website\"},\"primaryImageOfPage\":{\"@id\":\"https:\\\/\\\/bellacasaconstrutora.com.br\\\/novo\\\/index.php\\\/contato\\\/#primaryimage\"},\"image\":{\"@id\":\"https:\\\/\\\/bellacasaconstrutora.com.br\\\/novo\\\/index.php\\\/contato\\\/#primaryimage\"},\"thumbnailUrl\":\"http:\\\/\\\/bellacasaconstrutora.com.br\\\/novo\\\/wp-content\\\/uploads\\\/2024\\\/09\\\/pngegg.png\",\"datePublished\":\"2019-05-31T12:39:58+00:00\",\"dateModified\":\"2024-09-07T12:50:53+00:00\",\"breadcrumb\":{\"@id\":\"https:\\\/\\\/bellacasaconstrutora.com.br\\\/novo\\\/index.php\\\/contato\\\/#breadcrumb\"},\"inLanguage\":\"pt-BR\",\"potentialAction\":[{\"@type\":\"ReadAction\",\"target\":[\"https:\\\/\\\/bellacasaconstrutora.com.br\\\/novo\\\/index.php\\\/contato\\\/\"]}]},{\"@type\":\"ImageObject\",\"inLanguage\":\"pt-BR\",\"@id\":\"https:\\\/\\\/bellacasaconstrutora.com.br\\\/novo\\\/index.php\\\/contato\\\/#primaryimage\",\"url\":\"https:\\\/\\\/bellacasaconstrutora.com.br\\\/novo\\\/wp-content\\\/uploads\\\/2024\\\/09\\\/pngegg.png\",\"contentUrl\":\"https:\\\/\\\/bellacasaconstrutora.com.br\\\/novo\\\/wp-content\\\/uploads\\\/2024\\\/09\\\/pngegg.png\",\"width\":512,\"height\":512},{\"@type\":\"BreadcrumbList\",\"@id\":\"https:\\\/\\\/bellacasaconstrutora.com.br\\\/novo\\\/index.php\\\/contato\\\/#breadcrumb\",\"itemListElement\":[{\"@type\":\"ListItem\",\"position\":1,\"name\":\"In\u00edcio\",\"item\":\"https:\\\/\\\/bellacasaconstrutora.com.br\\\/novo\\\/\"},{\"@type\":\"ListItem\",\"position\":2,\"name\":\"Contato\"}]},{\"@type\":\"WebSite\",\"@id\":\"https:\\\/\\\/bellacasaconstrutora.com.br\\\/novo\\\/#website\",\"url\":\"https:\\\/\\\/bellacasaconstrutora.com.br\\\/novo\\\/\",\"name\":\"Bella Casa Construtora\",\"description\":\"\",\"publisher\":{\"@id\":\"https:\\\/\\\/bellacasaconstrutora.com.br\\\/novo\\\/#organization\"},\"potentialAction\":[{\"@type\":\"SearchAction\",\"target\":{\"@type\":\"EntryPoint\",\"urlTemplate\":\"https:\\\/\\\/bellacasaconstrutora.com.br\\\/novo\\\/?s={search_term_string}\"},\"query-input\":{\"@type\":\"PropertyValueSpecification\",\"valueRequired\":true,\"valueName\":\"search_term_string\"}}],\"inLanguage\":\"pt-BR\"},{\"@type\":\"Organization\",\"@id\":\"https:\\\/\\\/bellacasaconstrutora.com.br\\\/novo\\\/#organization\",\"name\":\"Bella Casa Construtora\",\"url\":\"https:\\\/\\\/bellacasaconstrutora.com.br\\\/novo\\\/\",\"logo\":{\"@type\":\"ImageObject\",\"inLanguage\":\"pt-BR\",\"@id\":\"https:\\\/\\\/bellacasaconstrutora.com.br\\\/novo\\\/#\\\/schema\\\/logo\\\/image\\\/\",\"url\":\"https:\\\/\\\/bellacasaconstrutora.com.br\\\/novo\\\/wp-content\\\/uploads\\\/2019\\\/05\\\/cropped-logo-header.png\",\"contentUrl\":\"https:\\\/\\\/bellacasaconstrutora.com.br\\\/novo\\\/wp-content\\\/uploads\\\/2019\\\/05\\\/cropped-logo-header.png\",\"width\":190,\"height\":126,\"caption\":\"Bella Casa Construtora\"},\"image\":{\"@id\":\"https:\\\/\\\/bellacasaconstrutora.com.br\\\/novo\\\/#\\\/schema\\\/logo\\\/image\\\/\"},\"sameAs\":[\"https:\\\/\\\/www.facebook.com\\\/construtorabellacasa\",\"https:\\\/\\\/www.instagram.com\\\/bellacasaconstrutora\\\/\"]}]}<\/script>\n<!-- \/ Yoast SEO plugin. -->","yoast_head_json":{"title":"Contato - Bella Casa Construtora","robots":{"index":"index","follow":"follow","max-snippet":"max-snippet:-1","max-image-preview":"max-image-preview:large","max-video-preview":"max-video-preview:-1"},"canonical":"https:\/\/bellacasaconstrutora.com.br\/novo\/index.php\/contato\/","og_locale":"pt_BR","og_type":"article","og_title":"Contato - Bella Casa Construtora","og_description":"Agilize seu contato conosco! Aproveite a praticidade do WhatsApp para tirar suas d\u00favidas, obter informa\u00e7\u00f5es adicionais ou agendar um atendimento personalizado. . .","og_url":"https:\/\/bellacasaconstrutora.com.br\/novo\/index.php\/contato\/","og_site_name":"Bella Casa Construtora","article_publisher":"https:\/\/www.facebook.com\/construtorabellacasa","article_modified_time":"2024-09-07T12:50:53+00:00","og_image":[{"url":"http:\/\/bellacasaconstrutora.com.br\/novo\/wp-content\/uploads\/2024\/09\/pngegg.png","type":"","width":"","height":""}],"twitter_card":"summary_large_image","twitter_misc":{"Est. tempo de leitura":"1 minuto"},"schema":{"@context":"https:\/\/schema.org","@graph":[{"@type":"WebPage","@id":"https:\/\/bellacasaconstrutora.com.br\/novo\/index.php\/contato\/","url":"https:\/\/bellacasaconstrutora.com.br\/novo\/index.php\/contato\/","name":"Contato - Bella Casa Construtora","isPartOf":{"@id":"https:\/\/bellacasaconstrutora.com.br\/novo\/#website"},"primaryImageOfPage":{"@id":"https:\/\/bellacasaconstrutora.com.br\/novo\/index.php\/contato\/#primaryimage"},"image":{"@id":"https:\/\/bellacasaconstrutora.com.br\/novo\/index.php\/contato\/#primaryimage"},"thumbnailUrl":"http:\/\/bellacasaconstrutora.com.br\/novo\/wp-content\/uploads\/2024\/09\/pngegg.png","datePublished":"2019-05-31T12:39:58+00:00","dateModified":"2024-09-07T12:50:53+00:00","breadcrumb":{"@id":"https:\/\/bellacasaconstrutora.com.br\/novo\/index.php\/contato\/#breadcrumb"},"inLanguage":"pt-BR","potentialAction":[{"@type":"ReadAction","target":["https:\/\/bellacasaconstrutora.com.br\/novo\/index.php\/contato\/"]}]},{"@type":"ImageObject","inLanguage":"pt-BR","@id":"https:\/\/bellacasaconstrutora.com.br\/novo\/index.php\/contato\/#primaryimage","url":"https:\/\/bellacasaconstrutora.com.br\/novo\/wp-content\/uploads\/2024\/09\/pngegg.png","contentUrl":"https:\/\/bellacasaconstrutora.com.br\/novo\/wp-content\/uploads\/2024\/09\/pngegg.png","width":512,"height":512},{"@type":"BreadcrumbList","@id":"https:\/\/bellacasaconstrutora.com.br\/novo\/index.php\/contato\/#breadcrumb","itemListElement":[{"@type":"ListItem","position":1,"name":"In\u00edcio","item":"https:\/\/bellacasaconstrutora.com.br\/novo\/"},{"@type":"ListItem","position":2,"name":"Contato"}]},{"@type":"WebSite","@id":"https:\/\/bellacasaconstrutora.com.br\/novo\/#website","url":"https:\/\/bellacasaconstrutora.com.br\/novo\/","name":"Bella Casa Construtora","description":"","publisher":{"@id":"https:\/\/bellacasaconstrutora.com.br\/novo\/#organization"},"potentialAction":[{"@type":"SearchAction","target":{"@type":"EntryPoint","urlTemplate":"https:\/\/bellacasaconstrutora.com.br\/novo\/?s={search_term_string}"},"query-input":{"@type":"PropertyValueSpecification","valueRequired":true,"valueName":"search_term_string"}}],"inLanguage":"pt-BR"},{"@type":"Organization","@id":"https:\/\/bellacasaconstrutora.com.br\/novo\/#organization","name":"Bella Casa Construtora","url":"https:\/\/bellacasaconstrutora.com.br\/novo\/","logo":{"@type":"ImageObject","inLanguage":"pt-BR","@id":"https:\/\/bellacasaconstrutora.com.br\/novo\/#\/schema\/logo\/image\/","url":"https:\/\/bellacasaconstrutora.com.br\/novo\/wp-content\/uploads\/2019\/05\/cropped-logo-header.png","contentUrl":"https:\/\/bellacasaconstrutora.com.br\/novo\/wp-content\/uploads\/2019\/05\/cropped-logo-header.png","width":190,"height":126,"caption":"Bella Casa Construtora"},"image":{"@id":"https:\/\/bellacasaconstrutora.com.br\/novo\/#\/schema\/logo\/image\/"},"sameAs":["https:\/\/www.facebook.com\/construtorabellacasa","https:\/\/www.instagram.com\/bellacasaconstrutora\/"]}]}},"_links":{"self":[{"href":"https:\/\/bellacasaconstrutora.com.br\/novo\/index.php\/wp-json\/wp\/v2\/pages\/30","targetHints":{"allow":["GET"]}}],"collection":[{"href":"https:\/\/bellacasaconstrutora.com.br\/novo\/index.php\/wp-json\/wp\/v2\/pages"}],"about":[{"href":"https:\/\/bellacasaconstrutora.com.br\/novo\/index.php\/wp-json\/wp\/v2\/types\/page"}],"author":[{"embeddable":true,"href":"https:\/\/bellacasaconstrutora.com.br\/novo\/index.php\/wp-json\/wp\/v2\/users\/1"}],"replies":[{"embeddable":true,"href":"https:\/\/bellacasaconstrutora.com.br\/novo\/index.php\/wp-json\/wp\/v2\/comments?post=30"}],"version-history":[{"count":40,"href":"https:\/\/bellacasaconstrutora.com.br\/novo\/index.php\/wp-json\/wp\/v2\/pages\/30\/revisions"}],"predecessor-version":[{"id":1110,"href":"https:\/\/bellacasaconstrutora.com.br\/novo\/index.php\/wp-json\/wp\/v2\/pages\/30\/revisions\/1110"}],"wp:attachment":[{"href":"https:\/\/bellacasaconstrutora.com.br\/novo\/index.php\/wp-json\/wp\/v2\/media?parent=30"}],"curies":[{"name":"wp","href":"https:\/\/api.w.org\/{rel}","templated":true}]}}